{"id":14,"date":"2023-11-09T11:55:56","date_gmt":"2023-11-09T10:55:56","guid":{"rendered":"https:\/\/karlshochschule.de\/?page_id=14"},"modified":"2025-07-14T15:29:46","modified_gmt":"2025-07-14T13:29:46","slug":"impressum","status":"publish","type":"page","link":"https:\/\/www.karlshochschule.de\/de\/impressum","title":{"rendered":"Impressum"},"content":{"rendered":"\n<h2 class=\"wp-block-heading\">Karlshochschule International University<\/h2>\n\n\n\n<p><strong>Karlshochschule International University<\/strong><br>Karlstra\u00dfe 36 &#8211; 38<br>76133 Karlsruhe<br>Tel.: +49 721 48095<strong>&nbsp;<\/strong>0<br>Fax: +49 721&nbsp;48095 101&nbsp;<br><br>E-Mail: info@karlshochschule.de<br><br>Karlshochschule International University<br>Staatlich anerkannte Hochschule der Karlshochschulgesellschaft gGmbH<br>Karlstra\u00dfe 36 &#8211; 38<br>76133 Karlsruhe<\/p>\n\n\n\n<p>Handelsregister HRB 110891<br>Amtsgericht Mannheim<br>Gesch\u00e4ftsf\u00fchrung: Elmar S\u00fc\u00df<br>Prokuristin: Kerstin Brandes<br><br>USt-ID Nr. DE242486424<\/p>\n\n\n\n<p><br><br>Haftungshinweis: Trotz sorgf\u00e4ltiger inhaltlicher Kontrolle \u00fcbernehmen wir keine Haftung f\u00fcr die Inhalte externer Links. F\u00fcr den Inhalt der verlinkten Seiten sind ausschlie\u00dflich deren Betreiber verantwortlich.\u00a0<br><br><strong>Web<strong> Design &amp; <\/strong> Entwicklung:<\/strong><br>Wildner AG<br>Steinerstr. 15D<br>81369 M\u00fcnchen<br><a href=\"https:\/\/www.wildner.de\/\" target=\"_blank\" rel=\"noreferrer noopener\">www.wildner.de<\/a><br><br><strong>Fotograf:\u00a0<\/strong><br>AMX Studio\u00a0<br>Pennsylvaniastra\u00dfe 10\u00a0<br>76149 Karlsruhe\u00a0<br><a href=\"http:\/\/www.amx-studio.de\/kontakt\" target=\"_blank\" rel=\"noreferrer noopener\">www.amx-studio.de\/kontakt<\/a>\u00a0<\/p>\n","protected":false},"excerpt":{"rendered":"<p>Karlshochschule International University Karlshochschule International UniversityKarlstra\u00dfe 36 &#8211; 3876133 KarlsruheTel.: +49 721 48095&nbsp;0Fax: +49 721&nbsp;48095 101&nbsp; E-Mail: info@karlshochschule.de Karlshochschule International UniversityStaatlich anerkannte Hochschule der Karlshochschulgesellschaft &#8230; <a title=\"Impressum\" class=\"read-more\" href=\"https:\/\/www.karlshochschule.de\/de\/impressum\" aria-label=\"Mehr Informationen \u00fcber Impressum\">Details<\/a><\/p>\n","protected":false},"author":1,"featured_media":0,"parent":0,"menu_order":0,"comment_status":"closed","ping_status":"closed","template":"","meta":{"footnotes":""},"class_list":{"0":"post-14","1":"page","2":"type-page","3":"status-publish","5":"infinite-scroll-item"},"_links":{"self":[{"href":"https:\/\/www.karlshochschule.de\/de\/wp-json\/wp\/v2\/pages\/14","targetHints":{"allow":["GET"]}}],"collection":[{"href":"https:\/\/www.karlshochschule.de\/de\/wp-json\/wp\/v2\/pages"}],"about":[{"href":"https:\/\/www.karlshochschule.de\/de\/wp-json\/wp\/v2\/types\/page"}],"author":[{"embeddable":true,"href":"https:\/\/www.karlshochschule.de\/de\/wp-json\/wp\/v2\/users\/1"}],"replies":[{"embeddable":true,"href":"https:\/\/www.karlshochschule.de\/de\/wp-json\/wp\/v2\/comments?post=14"}],"version-history":[{"count":0,"href":"https:\/\/www.karlshochschule.de\/de\/wp-json\/wp\/v2\/pages\/14\/revisions"}],"wp:attachment":[{"href":"https:\/\/www.karlshochschule.de\/de\/wp-json\/wp\/v2\/media?parent=14"}],"curies":[{"name":"wp","href":"https:\/\/api.w.org\/{rel}","templated":true}]}}