{"id":35446,"date":"2026-05-13T12:03:03","date_gmt":"2026-05-13T10:03:03","guid":{"rendered":"https:\/\/www.karlshochschule.de\/?page_id=35446"},"modified":"2026-05-13T12:06:43","modified_gmt":"2026-05-13T10:06:43","slug":"internationales-zertifikat-latin-america-2","status":"publish","type":"page","link":"https:\/\/www.karlshochschule.de\/de\/internationales-zertifikat-latin-america-2","title":{"rendered":"Internationales Zertifikat \u201eLatin America&#8220;"},"content":{"rendered":"\n<p>Das IZLA ist ein dreij\u00e4hriges DAAD-gef\u00f6rdertes Zusatzprogramm f\u00fcr Studierende der Bachelorstudieng\u00e4nge International Business und International Relations am Standort Karlsruhe. Es verbindet regionales Fachwissen, interkulturelle Sprachausbildung und einen Auslandsaufenthalt in einem der f\u00fcnf Partnerl\u00e4nder \u2014 integriert in deinen Studienplan, ohne Zusatzkosten.<\/p>\n\n\n<div class=\"gb-container gb-container-e05edb76\">\n<div class=\"gb-grid-wrapper gb-grid-wrapper-249cac67\">\n<div class=\"gb-grid-column gb-grid-column-1781812f\"><div class=\"gb-container gb-container-1781812f\">\n\n<p class=\"has-text-color has-link-color has-medium-font-size wp-elements-a706ae123501a13b00d0258e85047fd4\" style=\"color:#f2ead8\"><strong>Authentisch<\/strong>\u00a0<br>Co-entwickelt mit Partnerhochschulen vor Ort<\/p>\n\n<\/div><\/div>\n\n<div class=\"gb-grid-column gb-grid-column-ae62bfcf\"><div class=\"gb-container gb-container-ae62bfcf\">\n\n<p class=\"has-text-color has-link-color has-medium-font-size wp-elements-750b188aabf4099c44faa19db6610af9\" style=\"color:#f2ead8\"><strong>Integriert<\/strong><br>Fast keine Zusatzkurse n\u00f6tig<\/p>\n\n<\/div><\/div>\n\n<div class=\"gb-grid-column gb-grid-column-cba15550\"><div class=\"gb-container gb-container-cba15550\">\n\n<p class=\"has-text-color has-link-color has-medium-font-size wp-elements-4cfefe18f88cfe196667170febdc4159\" style=\"color:#f2ead8\"><strong>Vor Ort<\/strong>\u00a0<br>Auslandssemester + Praktikum im 5. und 6. Semester<\/p>\n\n<\/div><\/div>\n\n<div class=\"gb-grid-column gb-grid-column-622a7f2e\"><div class=\"gb-container gb-container-622a7f2e\">\n\n<p class=\"has-text-color has-link-color has-medium-font-size wp-elements-658a1333478138d94242598dc9853953\" style=\"color:#f2ead8\"><strong>Gef\u00f6rdert<\/strong>\u00a0<br>DAAD-Stipendien verf\u00fcgbar<\/p>\n\n<\/div><\/div>\n<\/div>\n<\/div>\n\n\n<div style=\"height:30px\" aria-hidden=\"true\" class=\"wp-block-spacer\"><\/div>\n\n\n\n<h2 class=\"wp-block-heading has-large-font-size\"><strong>Das Zertifikat im \u00dcberblick<\/strong><\/h2>\n\n\n\n<p>Lateinamerika spielt in der globalen Wirtschaft und Geopolitik eine wachsende strategische Rolle. Wer die Region wirklich versteht \u2014 nicht aus europ\u00e4ischer Au\u00dfenperspektive, sondern durch echte Zusammenarbeit mit Menschen vor Ort \u2014 hat auf dem Arbeitsmarkt einen Vorsprung, der mit einem Bachelorabschluss bereits z\u00e4hlt.<\/p>\n\n\n\n<p>Das Programm ist in deinen bestehenden Studienplan integriert. Nur das Spezialisierungsmodul kommt hinzu \u2014 gelehrt von akademischen Partnern aus Lateinamerika, was dir gleichzeitig eine bessere Orientierung bei der Wahl deiner Hochschule f\u00fcr das Auslandssemester gibt.<\/p>\n\n\n\n<div style=\"height:30px\" aria-hidden=\"true\" class=\"wp-block-spacer\"><\/div>\n\n\n\n<h2 class=\"wp-block-heading has-large-font-size\"><strong>Zulassung und Voraussetzungen<\/strong><\/h2>\n\n\n\n<p>Das IZLA-Zertifikat ist offen f\u00fcr Studierende der Bachelorstudieng\u00e4nge International Business B.A. und International Relations B.A. am Standort Karlsruhe. Die Entscheidung f\u00fcr das Programm trifft man idealerweise im Laufe des 2. Semesters.<\/p>\n\n\n\n<ul class=\"wp-block-list\">\n<li>Einschreibung in International Business B.A. oder International Relations B.A. an der Karlshochschule Karlsruhe<\/li>\n\n\n\n<li>Bereitschaft f\u00fcr ein Auslandssemester und Praktikum in Lateinamerika im 5. und 6. Semester<\/li>\n\n\n\n<li>Spanisch auf C1-Niveau bis zum Abschluss \u2014 der Sprachkurs ist integriert, Vorkenntnisse nicht erforderlich aber hilfreich<\/li>\n<\/ul>\n\n\n\n<div style=\"height:40px\" aria-hidden=\"true\" class=\"wp-block-spacer\"><\/div>\n\n\n\n<h2 class=\"wp-block-heading has-large-font-size\"><strong>Stipendien und DAAD-F\u00f6rderung<\/strong><\/h2>\n\n\n\n<p>Das IZLA-Programm ist ein vom DAAD (Deutscher Akademischer Austauschdienst) gef\u00f6rdertes Projekt. F\u00fcr Karls-Studierende, die ihr Auslandssemester oder Praktikum in einem der Partnerl\u00e4nder absolvieren m\u00f6chten, stehen DAAD-Stipendien zur Verf\u00fcgung, die den Aufenthalt finanzieren k\u00f6nnen.<\/p>\n\n\n\n<p>F\u00fcr Details zur F\u00f6rderh\u00f6he und zum Bewerbungsverfahren wende dich direkt an die Programmkoordination.<\/p>\n\n\n\n<div style=\"height:40px\" aria-hidden=\"true\" class=\"wp-block-spacer\"><\/div>\n\n\n\n<h2 class=\"wp-block-heading has-large-font-size\"><strong>Unsere Partner vor Ort<\/strong><\/h2>\n\n\n\n<figure class=\"wp-block-table is-style-stripes has-medium-font-size\"><table class=\"has-text-color has-background has-link-color has-fixed-layout\" style=\"color:#da2c33;background-color:#ffffff\"><tbody><tr><td><strong>Argentinien <\/strong><\/td><td><strong>Universidad de Congreso<\/strong> <em>Mendoza <\/em><\/td><\/tr><tr><td><strong>Chile<\/strong><\/td><td><strong>Universidad Diego Portales <\/strong><em>Santiago<\/em><\/td><\/tr><tr><td><strong>Peru<\/strong><\/td><td><strong>Universidad San Ignacio de Loyola <\/strong><em>Lima<\/em><\/td><\/tr><tr><td><strong>Costa Rica<\/strong><\/td><td><strong>Universidad Latinoamericana de Ciencia y Tecnolog\u00eda (ULACIT)<\/strong> <em>San Jos\u00e9<\/em><\/td><\/tr><tr><td><strong>Mexiko<\/strong><\/td><td><strong>Tecnol\u00f3gico de Monterrey <\/strong><em>Mexico City<\/em><\/td><\/tr><\/tbody><\/table><\/figure>\n\n\n\n<div style=\"height:40px\" aria-hidden=\"true\" class=\"wp-block-spacer\"><\/div>\n\n\n\n<h2 class=\"wp-block-heading has-large-font-size\"><strong>Berufliche Perspektiven<\/strong><\/h2>\n\n\n\n<p>Mit dem IZLA-Zertifikat bist du qualifiziert f\u00fcr Positionen die interkulturelles, sprachliches und fachliches Know-how zu Lateinamerika erfordern \u2014 in Unternehmen, NGOs, internationalen Organisationen oder dem \u00f6ffentlichen Sektor, sowohl in Lateinamerika als auch in Deutschland und Europa.<\/p>\n\n\n\n<div style=\"height:40px\" aria-hidden=\"true\" class=\"wp-block-spacer\"><\/div>\n\n\n\n<h2 class=\"wp-block-heading has-large-font-size\"><strong>H\u00e4ufige Fragen<\/strong><\/h2>\n\n\n\n<div style=\"height:20px\" aria-hidden=\"true\" class=\"wp-block-spacer\"><\/div>\n\n\n\n<div data-wp-context=\"{ &quot;autoclose&quot;: false, &quot;accordionItems&quot;: [] }\" data-wp-interactive=\"core\/accordion\" role=\"group\" class=\"wp-block-accordion is-layout-flow wp-block-accordion-is-layout-flow\">\n<div data-wp-class--is-open=\"state.isOpen\" data-wp-context=\"{ &quot;id&quot;: &quot;accordion-item-1&quot;, &quot;openByDefault&quot;: false }\" data-wp-init=\"callbacks.initAccordionItems\" data-wp-on-window--hashchange=\"callbacks.hashChange\" class=\"wp-block-accordion-item is-layout-flow wp-block-accordion-item-is-layout-flow\">\n<h3 class=\"wp-block-accordion-heading\"><button aria-expanded=\"false\" aria-controls=\"accordion-item-1-panel\" data-wp-bind--aria-expanded=\"state.isOpen\" data-wp-on--click=\"actions.toggle\" data-wp-on--keydown=\"actions.handleKeyDown\" id=\"accordion-item-1\" type=\"button\" class=\"wp-block-accordion-heading__toggle\"><span class=\"wp-block-accordion-heading__toggle-title\"><strong>Muss ich Spanisch k\u00f6nnen um mich zu bewerben? <\/strong><\/span><span class=\"wp-block-accordion-heading__toggle-icon\" aria-hidden=\"true\">+<\/span><\/button><\/h3>\n\n\n\n<div inert aria-labelledby=\"accordion-item-1\" data-wp-bind--inert=\"!state.isOpen\" id=\"accordion-item-1-panel\" role=\"region\" class=\"wp-block-accordion-panel is-layout-flow wp-block-accordion-panel-is-layout-flow\">\n<p>Nein. Vorkenntnisse sind keine Voraussetzung, allerdings solltest du in der Lage sein, im 5. Semester ein Auslandssemester und Praktikum in einem lateinamerikanischen Land zu absolvieren.&nbsp; Das Programm beinhaltet einen integrierten Spanischkurs \u00fcber vier Semester. Zum Abschluss des Zertifikats musst du C1 nachweisen.<\/p>\n<\/div>\n<\/div>\n<\/div>\n\n\n\n<div data-wp-context=\"{ &quot;autoclose&quot;: false, &quot;accordionItems&quot;: [] }\" data-wp-interactive=\"core\/accordion\" role=\"group\" class=\"wp-block-accordion is-layout-flow wp-block-accordion-is-layout-flow\">\n<div data-wp-class--is-open=\"state.isOpen\" data-wp-context=\"{ &quot;id&quot;: &quot;accordion-item-2&quot;, &quot;openByDefault&quot;: false }\" data-wp-init=\"callbacks.initAccordionItems\" data-wp-on-window--hashchange=\"callbacks.hashChange\" class=\"wp-block-accordion-item is-layout-flow wp-block-accordion-item-is-layout-flow\">\n<h3 class=\"wp-block-accordion-heading\"><button aria-expanded=\"false\" aria-controls=\"accordion-item-2-panel\" data-wp-bind--aria-expanded=\"state.isOpen\" data-wp-on--click=\"actions.toggle\" data-wp-on--keydown=\"actions.handleKeyDown\" id=\"accordion-item-2\" type=\"button\" class=\"wp-block-accordion-heading__toggle\"><span class=\"wp-block-accordion-heading__toggle-title\"><strong>Wie l\u00e4uft das Auslandssemester ab?<\/strong><\/span><span class=\"wp-block-accordion-heading__toggle-icon\" aria-hidden=\"true\">+<\/span><\/button><\/h3>\n\n\n\n<div inert aria-labelledby=\"accordion-item-2\" data-wp-bind--inert=\"!state.isOpen\" id=\"accordion-item-2-panel\" role=\"region\" class=\"wp-block-accordion-panel is-layout-flow wp-block-accordion-panel-is-layout-flow\">\n<p>Im 5. Semester verbringst du vier Monate an einer Partneruniversit\u00e4t. Im 6. Semester folgt ein dreimonatiges Praktikum. Beide Aufenthalte k\u00f6nnen durch DAAD-Stipendien finanziert werden.<\/p>\n<\/div>\n<\/div>\n<\/div>\n\n\n\n<div data-wp-context=\"{ &quot;autoclose&quot;: false, &quot;accordionItems&quot;: [] }\" data-wp-interactive=\"core\/accordion\" role=\"group\" class=\"wp-block-accordion is-layout-flow wp-block-accordion-is-layout-flow\">\n<div data-wp-class--is-open=\"state.isOpen\" data-wp-context=\"{ &quot;id&quot;: &quot;accordion-item-3&quot;, &quot;openByDefault&quot;: false }\" data-wp-init=\"callbacks.initAccordionItems\" data-wp-on-window--hashchange=\"callbacks.hashChange\" class=\"wp-block-accordion-item is-layout-flow wp-block-accordion-item-is-layout-flow\">\n<h3 class=\"wp-block-accordion-heading\"><button aria-expanded=\"false\" aria-controls=\"accordion-item-3-panel\" data-wp-bind--aria-expanded=\"state.isOpen\" data-wp-on--click=\"actions.toggle\" data-wp-on--keydown=\"actions.handleKeyDown\" id=\"accordion-item-3\" type=\"button\" class=\"wp-block-accordion-heading__toggle\"><span class=\"wp-block-accordion-heading__toggle-title\"><strong>F\u00fcr welche Studieng\u00e4nge ist das Zertifikat offen?<\/strong><\/span><span class=\"wp-block-accordion-heading__toggle-icon\" aria-hidden=\"true\">+<\/span><\/button><\/h3>\n\n\n\n<div inert aria-labelledby=\"accordion-item-3\" data-wp-bind--inert=\"!state.isOpen\" id=\"accordion-item-3-panel\" role=\"region\" class=\"wp-block-accordion-panel is-layout-flow wp-block-accordion-panel-is-layout-flow\">\n<p>Aktuell f\u00fcr International Business B.A. und International Relations B.A. am Standort Karlsruhe.<\/p>\n<\/div>\n<\/div>\n<\/div>\n\n\n<div class=\"gb-container gb-container-5d7987eb\">\n<div class=\"gb-container gb-container-172f2464\">\n<div class=\"gb-container gb-container-27671dfd\">\n<div class=\"gb-container gb-container-a6c5f284 alignwide\">\n\n<div style=\"height:56px\" aria-hidden=\"true\" class=\"wp-block-spacer\"><\/div>\n\n<\/div>\n\n\n<h2 class=\"wp-block-heading has-large-font-size\"><strong>Entdecke Lateinamerika mit der Karlshochschule<\/strong><\/h2>\n\n\n\n<p>Das IZLA-Zertifikat ist mehr als ein akademischer Zusatz. Es ist eine Chance, eine der lebendigsten Regionen der Welt von innen kennenzulernen.<\/p>\n\n<\/div>\n\n\n<p><\/p>\n\n<\/div>\n\n\n<div class=\"wp-block-buttons is-layout-flex wp-block-buttons-is-layout-flex\">\n<div class=\"wp-block-button is-style-fill\"><a class=\"wp-block-button__link has-background wp-element-button\" href=\"https:\/\/www.karlshochschule.de\/de\/unileben\/studienberatung.html\" style=\"background-color:#da2c33\">Pers\u00f6nliche Studienberatung buchen<\/a><\/div>\n<\/div>\n\n\n\n<div style=\"height:30px\" aria-hidden=\"true\" class=\"wp-block-spacer\"><\/div>\n\n\n\n<div style=\"height:40px\" aria-hidden=\"true\" class=\"wp-block-spacer\"><\/div>\n\n<\/div>\n\n\n<div data-wp-context=\"{ &quot;autoclose&quot;: false, &quot;accordionItems&quot;: [] }\" data-wp-interactive=\"core\/accordion\" role=\"group\" class=\"wp-block-accordion is-layout-flow wp-block-accordion-is-layout-flow\">\n<div data-wp-class--is-open=\"state.isOpen\" data-wp-context=\"{ &quot;id&quot;: &quot;accordion-item-4&quot;, &quot;openByDefault&quot;: false }\" data-wp-init=\"callbacks.initAccordionItems\" data-wp-on-window--hashchange=\"callbacks.hashChange\" class=\"wp-block-accordion-item is-layout-flow wp-block-accordion-item-is-layout-flow\">\n<h3 class=\"wp-block-accordion-heading has-large-font-size\"><button aria-expanded=\"false\" aria-controls=\"accordion-item-4-panel\" data-wp-bind--aria-expanded=\"state.isOpen\" data-wp-on--click=\"actions.toggle\" data-wp-on--keydown=\"actions.handleKeyDown\" id=\"accordion-item-4\" type=\"button\" class=\"wp-block-accordion-heading__toggle\"><span class=\"wp-block-accordion-heading__toggle-title\"><strong>Programmkoordination<\/strong><\/span><span class=\"wp-block-accordion-heading__toggle-icon\" aria-hidden=\"true\">+<\/span><\/button><\/h3>\n\n\n\n<div inert aria-labelledby=\"accordion-item-4\" data-wp-bind--inert=\"!state.isOpen\" id=\"accordion-item-4-panel\" role=\"region\" class=\"wp-block-accordion-panel is-layout-flow wp-block-accordion-panel-is-layout-flow\">\n<p><strong>Lisa Wiedemann,<\/strong> <em>Programmkoordination<\/em> <br><a href=\"mailto:lwiedemann@karlshochschule.org\">lwiedemann@karlshochschule.org<\/a><\/p>\n\n\n\n<p>E<strong>va Hill de Menacho,<\/strong> <em>Programmkoordination<\/em><br><a href=\"mailto:ehilla@karlshochschule.org\">ehilla@karlshochschule.org<\/a><\/p>\n\n\n\n<p><strong>Verena Seger,<\/strong> <em>Programmkoordination<\/em><br><a href=\"mailto:vseger@karlshochschule.org\">vseger@karlshochschule.org<\/a><\/p>\n\n\n\n<p><strong>Prof. Dr. Dr. Bj\u00f6rn Bohnenkamp,<\/strong> <em>Wissenschaftliche Leitung<\/em><br><a href=\"mailto:bbohnenkamp@karlshochschule.org\">bbohnenkamp@karlshochschule.org<\/a><br><\/p>\n<\/div>\n<\/div>\n<\/div>\n\n\n\n<div style=\"height:18px\" aria-hidden=\"true\" class=\"wp-block-spacer\"><\/div>\n","protected":false},"excerpt":{"rendered":"<p>Das IZLA ist ein dreij\u00e4hriges DAAD-gef\u00f6rdertes Zusatzprogramm f\u00fcr Studierende der Bachelorstudieng\u00e4nge International Business und International Relations am Standort Karlsruhe. Es verbindet regionales Fachwissen, interkulturelle Sprachausbildung &#8230; <a title=\"Internationales Zertifikat \u201eLatin America&#8220;\" class=\"read-more\" href=\"https:\/\/www.karlshochschule.de\/de\/internationales-zertifikat-latin-america-2\" aria-label=\"Mehr Informationen \u00fcber Internationales Zertifikat \u201eLatin America&#8220;\">Details<\/a><\/p>\n","protected":false},"author":17,"featured_media":0,"parent":0,"menu_order":0,"comment_status":"closed","ping_status":"closed","template":"","meta":{"footnotes":""},"class_list":{"0":"post-35446","1":"page","2":"type-page","3":"status-publish","5":"infinite-scroll-item"},"_links":{"self":[{"href":"https:\/\/www.karlshochschule.de\/de\/wp-json\/wp\/v2\/pages\/35446","targetHints":{"allow":["GET"]}}],"collection":[{"href":"https:\/\/www.karlshochschule.de\/de\/wp-json\/wp\/v2\/pages"}],"about":[{"href":"https:\/\/www.karlshochschule.de\/de\/wp-json\/wp\/v2\/types\/page"}],"author":[{"embeddable":true,"href":"https:\/\/www.karlshochschule.de\/de\/wp-json\/wp\/v2\/users\/17"}],"replies":[{"embeddable":true,"href":"https:\/\/www.karlshochschule.de\/de\/wp-json\/wp\/v2\/comments?post=35446"}],"version-history":[{"count":15,"href":"https:\/\/www.karlshochschule.de\/de\/wp-json\/wp\/v2\/pages\/35446\/revisions"}],"predecessor-version":[{"id":35547,"href":"https:\/\/www.karlshochschule.de\/de\/wp-json\/wp\/v2\/pages\/35446\/revisions\/35547"}],"wp:attachment":[{"href":"https:\/\/www.karlshochschule.de\/de\/wp-json\/wp\/v2\/media?parent=35446"}],"curies":[{"name":"wp","href":"https:\/\/api.w.org\/{rel}","templated":true}]}}