{"id":87,"date":"2023-11-10T11:58:37","date_gmt":"2023-11-10T10:58:37","guid":{"rendered":"https:\/\/karlshochschule.de\/?page_id=87"},"modified":"2026-02-12T09:13:54","modified_gmt":"2026-02-12T08:13:54","slug":"infotage","status":"publish","type":"page","link":"https:\/\/www.karlshochschule.de\/de\/infotage","title":{"rendered":"Infotage"},"content":{"rendered":"\n<h2 class=\"wp-block-heading nachh1\">Erlebe die Karls!<\/h2>\n\n\n\n<p>Bei unseren Infotagen hast du die Gelegenheit, dich intensiv mit dem von dir favorisierten Studiengang und der Karlshochschule auseinanderzusetzen. Die Infotage finden regelm\u00e4\u00dfig online oder bei uns an der Karlshochschule statt.<\/p>\n\n\n\n<p><strong>Du erreichst uns telefonisch <\/strong> von Mo. \u2013 Fr. 8:30 \u2013 17:00 Uhr unter <a href=\"tel:+49721480950\">+49 721 48095 0<\/a> oder <a href=\"tel:+4972148095777\" data-type=\"tel\" data-id=\"tel:+4972148095777\">+49 721 48095 777<\/a><\/p>\n\n\n\n<h2 class=\"wp-block-heading\">Informiere dich bei unseren digitalen und Vor-Ort-Infotagen<\/h2>\n\n\n\n<p>Du kannst mit Studierenden sprechen bzw. chatten, zum Beispiel \u00fcber ihren Studentenalltag, die Stadt Karlsruhe, das Praxissemester oder ihre Auslandserfahrungen. So bekommst du einen ersten Eindruck davon, wie es ist, an der Karls zu sein. Au\u00dferdem kannst du alle deine Fragen zum Bewerbungsverfahren loswerden. <\/p>\n\n\n\n<hr class=\"wp-block-separator has-alpha-channel-opacity\"\/>\n\n\n\n<p class=\"merken\">W\u00e4hle im folgenden Anmeldeformular den passendsten Termin f\u00fcr dich aus \u2013 wir freuen uns auf dich!<\/p>\n\n\n\n<div class=\"wpcf7 no-js\" id=\"wpcf7-f629-o1\" lang=\"de-DE\" dir=\"ltr\" data-wpcf7-id=\"629\">\n<div class=\"screen-reader-response\"><p role=\"status\" aria-live=\"polite\" aria-atomic=\"true\"><\/p> <ul><\/ul><\/div>\n<form action=\"\/de\/wp-json\/wp\/v2\/pages\/87#wpcf7-f629-o1\" method=\"post\" class=\"wpcf7-form init\" aria-label=\"Kontaktformular\" novalidate=\"novalidate\" data-status=\"init\">\n<fieldset class=\"hidden-fields-container\"><input type=\"hidden\" name=\"_wpcf7\" value=\"629\" \/><input type=\"hidden\" name=\"_wpcf7_version\" value=\"6.1.5\" \/><input type=\"hidden\" name=\"_wpcf7_locale\" value=\"de_DE\" \/><input type=\"hidden\" name=\"_wpcf7_unit_tag\" value=\"wpcf7-f629-o1\" \/><input type=\"hidden\" name=\"_wpcf7_container_post\" value=\"0\" \/><input type=\"hidden\" name=\"_wpcf7_posted_data_hash\" value=\"\" \/><input type=\"hidden\" name=\"_wpcf7_recaptcha_response\" value=\"\" \/>\n<\/fieldset>\n<p><b>W\u00e4hle einen Termin f\u00fcr den Infotag:*<\/b>\n<\/p>\n<p><span class=\"wpcf7-form-control-wrap\" data-name=\"feld_infotag\"><span class=\"wpcf7-form-control wpcf7-radio\"><span class=\"wpcf7-list-item first\"><label><input type=\"radio\" name=\"feld_infotag\" value=\"Online: 21. Mai 2026 um 16:00 Uhr\" checked=\"checked\" \/><span class=\"wpcf7-list-item-label\">Online: 21. Mai 2026 um 16:00 Uhr<\/span><\/label><\/span><span class=\"wpcf7-list-item\"><label><input type=\"radio\" name=\"feld_infotag\" value=\"Vor Ort: 11. Juli 2026 um 10:00 Uhr\" \/><span class=\"wpcf7-list-item-label\">Vor Ort: 11. Juli 2026 um 10:00 Uhr<\/span><\/label><\/span><span class=\"wpcf7-list-item last\"><label><input type=\"radio\" name=\"feld_infotag\" value=\"Online: 06. August 2026 um 16:00 Uhr\" \/><span class=\"wpcf7-list-item-label\">Online: 06. August 2026 um 16:00 Uhr<\/span><\/label><\/span><\/span><\/span>\n<\/p>\n<p><label> F\u00fcr welchen Studiengang interessierst du dich?*<br \/>\n<span class=\"wpcf7-form-control-wrap\" data-name=\"feld_studium\"><select class=\"wpcf7-form-control wpcf7-select wpcf7-validates-as-required\" aria-required=\"true\" aria-invalid=\"false\" name=\"feld_studium\"><option value=\"Business Psychology (B.A.)\">Business Psychology (B.A.)<\/option><option value=\"Creativity and Management (B.A.)\">Creativity and Management (B.A.)<\/option><option value=\"Informatik (B.Sc.)\">Informatik (B.Sc.)<\/option><option value=\"International Business (B.A.)\">International Business (B.A.)<\/option><option value=\"International Relations (B.A.)\">International Relations (B.A.)<\/option><option value=\"Mechatronic (B.Sc.)\">Mechatronic (B.Sc.)<\/option><option value=\"Politics (B.A.)\">Politics (B.A.)<\/option><option value=\"Politics, Philosophy and Economics PPE (B.A.)\">Politics, Philosophy and Economics PPE (B.A.)<\/option><option value=\"PreMaster\">PreMaster<\/option><option value=\"Master in Management (M.A.)\">Master in Management (M.A.)<\/option><option value=\"Master in Social TransFormation \u2013 Politics, Philosophy &amp; Economics (M.A.)\">Master in Social TransFormation \u2013 Politics, Philosophy &amp; Economics (M.A.)<\/option><option value=\"Ich wei\u00df es noch nicht\">Ich wei\u00df es noch nicht<\/option><\/select><\/span><br \/>\n<\/label>\n<\/p>\n<p><label> Anrede<br \/>\n<span class=\"wpcf7-form-control-wrap\" data-name=\"feld_anrede\"><select class=\"wpcf7-form-control wpcf7-select\" aria-invalid=\"false\" name=\"feld_anrede\"><option value=\"Frau\">Frau<\/option><option value=\"Herr\">Herr<\/option><option value=\"Divers\">Divers<\/option><\/select><\/span><br \/>\n<\/label>\n<\/p>\n<p><label> Vorname*<br \/>\n<span class=\"wpcf7-form-control-wrap\" data-name=\"feld_vorname\"><input size=\"40\" maxlength=\"400\" class=\"wpcf7-form-control wpcf7-text wpcf7-validates-as-required\" autocomplete=\"given-name\" aria-required=\"true\" aria-invalid=\"false\" value=\"\" type=\"text\" name=\"feld_vorname\" \/><\/span> <\/label>\n<\/p>\n<p><label> Nachname*<br \/>\n<span class=\"wpcf7-form-control-wrap\" data-name=\"feld_nachname\"><input size=\"40\" maxlength=\"400\" class=\"wpcf7-form-control wpcf7-text wpcf7-validates-as-required\" autocomplete=\"family-name\" aria-required=\"true\" aria-invalid=\"false\" value=\"\" type=\"text\" name=\"feld_nachname\" \/><\/span> <\/label>\n<\/p>\n<p><label> Telefon*<br \/>\n<span class=\"wpcf7-form-control-wrap\" data-name=\"feld_telefon\"><input size=\"40\" maxlength=\"400\" class=\"wpcf7-form-control wpcf7-text wpcf7-validates-as-required\" autocomplete=\"tel\" aria-required=\"true\" aria-invalid=\"false\" value=\"\" type=\"text\" name=\"feld_telefon\" \/><\/span> <\/label>\n<\/p>\n<p><b>Ich m\u00f6chte bevorzugt kontaktiert werden \u00fcber:<\/b>\n<\/p>\n<p><span class=\"wpcf7-form-control-wrap\" data-name=\"feld_Kontaktart\"><span class=\"wpcf7-form-control wpcf7-checkbox\"><span class=\"wpcf7-list-item first\"><label><input type=\"checkbox\" name=\"feld_Kontaktart[]\" value=\"Anruf\" \/><span class=\"wpcf7-list-item-label\">Anruf<\/span><\/label><\/span><span class=\"wpcf7-list-item\"><label><input type=\"checkbox\" name=\"feld_Kontaktart[]\" value=\"WhatsApp\" \/><span class=\"wpcf7-list-item-label\">WhatsApp<\/span><\/label><\/span><span class=\"wpcf7-list-item last\"><label><input type=\"checkbox\" name=\"feld_Kontaktart[]\" value=\"SMS\" \/><span class=\"wpcf7-list-item-label\">SMS<\/span><\/label><\/span><\/span><\/span>\n<\/p>\n<p><label> E-Mail-Adresse*<br \/>\n<span class=\"wpcf7-form-control-wrap\" data-name=\"feld_email\"><input size=\"40\" maxlength=\"400\" class=\"wpcf7-form-control wpcf7-email wpcf7-validates-as-required wpcf7-text wpcf7-validates-as-email\" autocomplete=\"email\" aria-required=\"true\" aria-invalid=\"false\" value=\"\" type=\"email\" name=\"feld_email\" \/><\/span> <\/label>\n<\/p>\n<p><label> Wohnort*<br \/>\n<span class=\"wpcf7-form-control-wrap\" data-name=\"feld_place\"><input size=\"40\" maxlength=\"400\" class=\"wpcf7-form-control wpcf7-text wpcf7-validates-as-required\" autocomplete=\"address-level2\" aria-required=\"true\" aria-invalid=\"false\" value=\"\" type=\"text\" name=\"feld_place\" \/><\/span> <\/label>\n<\/p>\n<p><label> Deine Nachricht (optional)<br \/>\n<span class=\"wpcf7-form-control-wrap\" data-name=\"feld_nachricht\"><textarea cols=\"40\" rows=\"10\" maxlength=\"2000\" class=\"wpcf7-form-control wpcf7-textarea\" aria-invalid=\"false\" name=\"feld_nachricht\"><\/textarea><\/span> <\/label>\n<\/p>\n<p><span class=\"wpcf7-form-control-wrap\" data-name=\"feld_datenschutz\"><span class=\"wpcf7-form-control wpcf7-checkbox wpcf7-validates-as-required\"><span class=\"wpcf7-list-item first last\"><label><input type=\"checkbox\" name=\"feld_datenschutz[]\" value=\"Ich habe die Datenschutzerkl\u00e4rung zur Kenntnis genommen. Ich stimme zu, dass meine Angaben und Daten zur Beantwortung meiner Anfrage elektronisch erhoben und gespeichert werden. Sie k\u00f6nnen Ihre Einwilligung jederzeit f\u00fcr die Zukunft per E-Mail an info@karlshochschule.de widerrufen.*\" \/><span class=\"wpcf7-list-item-label\">Ich habe die Datenschutzerkl\u00e4rung zur Kenntnis genommen. Ich stimme zu, dass meine Angaben und Daten zur Beantwortung meiner Anfrage elektronisch erhoben und gespeichert werden. Sie k\u00f6nnen Ihre Einwilligung jederzeit f\u00fcr die Zukunft per E-Mail an info@karlshochschule.de widerrufen.*<\/span><\/label><\/span><\/span><\/span>\n<\/p>\n<p><input class=\"wpcf7-form-control wpcf7-submit has-spinner\" type=\"submit\" value=\"Senden\" \/>\n<\/p><div class=\"wpcf7-response-output\" aria-hidden=\"true\"><\/div>\n<\/form>\n<\/div>\n\n\n\n\n<hr class=\"wp-block-separator has-alpha-channel-opacity\"\/>\n\n\n\n<p>Mehr Infos zur Teilnahme findest du in den FAQ &nbsp;\u2013 weitere Instruktionen erh\u00e4ltst du nach deiner Anmeldung.<\/p>\n\n\n\n<h2 class=\"wp-block-heading\">FAQ zu den online Infotagen<\/h2>\n\n\n\n<h3 class=\"wp-block-heading\" id=\"accordeon-headline-12977-0\">Welche technischen Voraussetzungen muss ich f\u00fcr meine Teilnahme erf\u00fcllen?<\/h3>\n\n\n\n<p>Alles was du ben\u00f6tigst ist ein Computer, ein Smartphone oder ein Tablet mit Kamera und Mikrophon, sowie eine stabile Internetverbindung.<\/p>\n\n\n\n<h3 class=\"wp-block-heading\" id=\"accordeon-headline-12977-1\">Auf welcher Plattform findet das Online-Event statt?<\/h3>\n\n\n\n<p>Genau wie f\u00fcr unseren Online-Unterricht, nutzen wir f\u00fcr Karls 360\u00b0 die Plattform Microsoft Teams.<\/p>\n\n\n\n<h3 class=\"wp-block-heading\" id=\"accordeon-headline-12977-2\">Wie erhalte ich Zugang zu Karls 360\u00b0?<\/h3>\n\n\n\n<p>Du ben\u00f6tigst f\u00fcr deine Teilnahme keine spezielle Software (funktioniert \u00fcber den jeweiligen Browser), jedoch ist es empfehlenswert sich die Desktop Variante von Microsoft Teams im Vorfeld herunterzuladen. Wir senden dir vor dem Start eine Best\u00e4tigungsmail mit einem Link zu, auf den du lediglich zu klicken brauchst.<\/p>\n\n\n\n<h3 class=\"wp-block-heading\" id=\"accordeon-headline-12977-3\">Warum muss ich mich vorab anmelden?<\/h3>\n\n\n\n<p>Damit wir dich den Team-Sessions hinzuf\u00fcgen k\u00f6nnen, m\u00fcssen wir einen Account in Teams einrichten, wof\u00fcr wir deine E-Mail und Namen ben\u00f6tigen. Die Zugangsdaten werden wir Dir elektronisch zukommen lassen.<\/p>\n\n\n\n<h3 class=\"wp-block-heading\" id=\"accordeon-headline-12977-4\">Was ist, wenn ich keine Best\u00e4tigungsmail erhalte?<\/h3>\n\n\n\n<p>In diesem Fall schaue bitte im Spamordner deines E-Mail-Programms nach, ob sich die Mail dorthin verirrt hat.<\/p>\n\n\n\n<h3 class=\"wp-block-heading\" id=\"accordeon-headline-12977-5\">In welcher Sprache findet die Veranstaltung statt?<\/h3>\n\n\n\n<p>Wie an der Karlshochschule International University bis auf wenige Ausnahmen \u00fcblich, wird auch bei Karls 360\u00b0 in Englisch kommuniziert.<\/p>\n\n\n\n<h3 class=\"wp-block-heading\" id=\"accordeon-headline-12977-6\">Was erwartet mich im Rahmen des Online-Events?<\/h3>\n\n\n\n<p>Wir haben den Anspruch, dir einen lebendigen Eindruck zu vermitteln, wir es sich anf\u00fchlt an der \u201eKarls\u201c, wie wir unsere Hochschule liebevoll nennen, zu studieren.<\/p>\n\n\n\n<h3 class=\"wp-block-heading\" id=\"accordeon-headline-12977-7\">Mit wem kann ich bei Karls 360\u00b0 in Kontakt treten?<\/h3>\n\n\n\n<p>Du lernst nicht nur Professoren und Studierende der Studienprogramme kennen, f\u00fcr die du dich interessierst, sondern triffst auch unser Admissions-Team und kannst Fragen zu deiner Bewerbung stellen.<\/p>\n\n\n\n<h3 class=\"wp-block-heading\" id=\"accordeon-headline-12977-8\">Wie kann ich mich auf den Termin vorbereiten?<\/h3>\n\n\n\n<p>Am besten, du schaust dir vorab einmal das Angebot bei unseren Bachelor-Studieng\u00e4ngen an und bereitest konkrete Fragen vor, die du an uns hast.<\/p>\n\n\n\n<h3 class=\"wp-block-heading\" id=\"accordeon-headline-12977-9\">Wie lange dauert die gesamte Experience?<\/h3>\n\n\n\n<p>Wenn du an allen Sessions teilnehmen m\u00f6chtest, solltest du ungef\u00e4hr drei Stunden einplanen. Die genauen Zeiten kannst du dem Programm entnehmen.<\/p>\n\n\n\n<h3 class=\"wp-block-heading\" id=\"accordeon-headline-12977-10\">Was gibt es sonst noch zu beachten?<\/h3>\n\n\n\n<p>Dein Mikrophon solltest du grunds\u00e4tzlich ausgeschaltet haben, damit keine Hintergrundger\u00e4usche f\u00fcr alle h\u00f6rbar \u00fcbertragen werden. Nat\u00fcrlich kannst du das Mikrophon wieder aktivieren, wenn du am Schluss Fragen stellen m\u00f6chtest. Wenn du w\u00e4hrend der Experience lieber anonym bleiben m\u00f6chtest, hast du die M\u00f6glichkeit, zus\u00e4tzlich deine Kamera auszuschalten.<\/p>\n\n\n\n<h3 class=\"wp-block-heading\" id=\"accordeon-headline-12977-11\">Wo kann ich mich anmelden?<\/h3>\n\n\n\n<p>F\u00fcr deine Anmeldung f\u00fclle ganz einfach das Formular hier auf dieser Website aus.<\/p>\n\n\n\n<h3 class=\"wp-block-heading\" id=\"accordeon-headline-12977-12\">Kann ich auch ein pers\u00f6nliches Beratungsgespr\u00e4ch vereinbaren?<\/h3>\n\n\n\n<p>Selbstverst\u00e4ndlich kannst du jederzeit ein\u00a0pers\u00f6nliches Beratungsgespr\u00e4ch\u00a0oder einen Gastzugang zu einer Vorlesung vereinbaren. Daf\u00fcr sind die Studienberaterinnen der Karls telefonisch unter\u00a0+49 721\u00a048095-329<strong>\u00a0<\/strong>\u00a0oder per Mail unter\u00a0admissions@karlshochschule.de\u00a0erreichbar.<\/p>\n\n\n\n<h3 class=\"wp-block-heading\" id=\"accordeon-headline-12977-13\">Wen kann ich kontaktieren, wenn ich weitere Fragen habe?<\/h3>\n\n\n\n<p>Solltest du hier nicht alle Antworten finden, wende dich gerne an unsere Ansprechpartnerin f\u00fcr Karls 360\u00b0 <br>Eva Hilla de Menacho:\u00a0infotag@karlshochschule.de .<\/p>\n","protected":false},"excerpt":{"rendered":"<p>Erlebe die Karls! Bei unseren Infotagen hast du die Gelegenheit, dich intensiv mit dem von dir favorisierten Studiengang und der Karlshochschule auseinanderzusetzen. Die Infotage finden &#8230; <a title=\"Infotage\" class=\"read-more\" href=\"https:\/\/www.karlshochschule.de\/de\/infotage\" aria-label=\"Mehr Informationen \u00fcber Infotage\">Details<\/a><\/p>\n","protected":false},"author":1,"featured_media":640,"parent":0,"menu_order":0,"comment_status":"closed","ping_status":"closed","template":"","meta":{"footnotes":""},"class_list":{"0":"post-87","1":"page","2":"type-page","3":"status-publish","4":"has-post-thumbnail","6":"infinite-scroll-item"},"_links":{"self":[{"href":"https:\/\/www.karlshochschule.de\/de\/wp-json\/wp\/v2\/pages\/87","targetHints":{"allow":["GET"]}}],"collection":[{"href":"https:\/\/www.karlshochschule.de\/de\/wp-json\/wp\/v2\/pages"}],"about":[{"href":"https:\/\/www.karlshochschule.de\/de\/wp-json\/wp\/v2\/types\/page"}],"author":[{"embeddable":true,"href":"https:\/\/www.karlshochschule.de\/de\/wp-json\/wp\/v2\/users\/1"}],"replies":[{"embeddable":true,"href":"https:\/\/www.karlshochschule.de\/de\/wp-json\/wp\/v2\/comments?post=87"}],"version-history":[{"count":1,"href":"https:\/\/www.karlshochschule.de\/de\/wp-json\/wp\/v2\/pages\/87\/revisions"}],"predecessor-version":[{"id":34788,"href":"https:\/\/www.karlshochschule.de\/de\/wp-json\/wp\/v2\/pages\/87\/revisions\/34788"}],"wp:featuredmedia":[{"embeddable":true,"href":"https:\/\/www.karlshochschule.de\/de\/wp-json\/wp\/v2\/media\/640"}],"wp:attachment":[{"href":"https:\/\/www.karlshochschule.de\/de\/wp-json\/wp\/v2\/media?parent=87"}],"curies":[{"name":"wp","href":"https:\/\/api.w.org\/{rel}","templated":true}]}}